{"id":30,"date":"2024-06-19T10:36:27","date_gmt":"2024-06-19T10:36:27","guid":{"rendered":"https:\/\/citriumworld.com\/?page_id=30"},"modified":"2024-08-13T11:28:53","modified_gmt":"2024-08-13T11:28:53","slug":"soluciones","status":"publish","type":"page","link":"https:\/\/citriumworld.com\/index.php\/soluciones\/","title":{"rendered":"Soluciones"},"content":{"rendered":"\t\t<div data-elementor-type=\"wp-page\" data-elementor-id=\"30\" class=\"elementor elementor-30\" data-elementor-post-type=\"page\">\n\t\t\t\t<div class=\"elementor-element elementor-element-58de464 e-con-full e-flex e-con e-parent\" data-id=\"58de464\" data-element_type=\"container\">\n\t\t\t\t<\/div>\n\t\t<div class=\"elementor-element elementor-element-12a62f4 e-flex e-con-boxed e-con e-parent\" data-id=\"12a62f4\" data-element_type=\"container\">\n\t\t\t\t\t<div class=\"e-con-inner\">\n\t\t\t\t<div class=\"elementor-element elementor-element-c0cdde3 elementor-widget elementor-widget-heading\" data-id=\"c0cdde3\" data-element_type=\"widget\" data-widget_type=\"heading.default\">\n\t\t\t\t<div class=\"elementor-widget-container\">\n\t\t\t\t\t<h2 class=\"elementor-heading-title elementor-size-default\">Soluciones<\/h2>\t\t\t\t<\/div>\n\t\t\t\t<\/div>\n\t\t\t\t<div class=\"elementor-element elementor-element-4f3df93 elementor-widget elementor-widget-heading\" data-id=\"4f3df93\" data-element_type=\"widget\" data-widget_type=\"heading.default\">\n\t\t\t\t<div class=\"elementor-widget-container\">\n\t\t\t\t\t<h2 class=\"elementor-heading-title elementor-size-default\">A tu lado en cada paso del camino<\/h2>\t\t\t\t<\/div>\n\t\t\t\t<\/div>\n\t\t\t\t<div class=\"elementor-element elementor-element-da3bc4a elementor-widget elementor-widget-text-editor\" data-id=\"da3bc4a\" data-element_type=\"widget\" data-widget_type=\"text-editor.default\">\n\t\t\t\t<div class=\"elementor-widget-container\">\n\t\t\t\t\t\t\t\t\t<p>En Citrium World, entendemos que cada negocio tiene sus propias necesidades y desaf\u00edos. <br \/>Por eso, ofrecemos soluciones integrales dise\u00f1adas para apoyar a nuestros clientes en todo momento, asegurando que siempre cuenten con lo mejor de nuestros productos y servicios.<\/p>\t\t\t\t\t\t\t\t<\/div>\n\t\t\t\t<\/div>\n\t\t\t\t\t<\/div>\n\t\t\t\t<\/div>\n\t\t<div class=\"elementor-element elementor-element-763c3d2 e-con-full e-flex e-con e-parent\" data-id=\"763c3d2\" data-element_type=\"container\" data-settings=\"{&quot;background_background&quot;:&quot;classic&quot;}\">\n\t\t<div class=\"elementor-element elementor-element-ceaf4a3 e-con-full e-flex e-con e-child\" data-id=\"ceaf4a3\" data-element_type=\"container\">\n\t\t\t\t<div class=\"elementor-element elementor-element-6046ce7 elementor-widget elementor-widget-image\" data-id=\"6046ce7\" data-element_type=\"widget\" data-widget_type=\"image.default\">\n\t\t\t\t<div class=\"elementor-widget-container\">\n\t\t\t\t\t\t\t\t\t\t\t\t\t\t\t<img fetchpriority=\"high\" decoding=\"async\" width=\"800\" height=\"534\" src=\"https:\/\/citriumworld.com\/wp-content\/uploads\/2024\/08\/reparacion-maquinas-de-frio-hosteleria-1024x683.jpg\" class=\"attachment-large size-large wp-image-792\" alt=\"\" srcset=\"https:\/\/citriumworld.com\/wp-content\/uploads\/2024\/08\/reparacion-maquinas-de-frio-hosteleria-1024x683.jpg 1024w, https:\/\/citriumworld.com\/wp-content\/uploads\/2024\/08\/reparacion-maquinas-de-frio-hosteleria-300x200.jpg 300w, https:\/\/citriumworld.com\/wp-content\/uploads\/2024\/08\/reparacion-maquinas-de-frio-hosteleria-768x513.jpg 768w, https:\/\/citriumworld.com\/wp-content\/uploads\/2024\/08\/reparacion-maquinas-de-frio-hosteleria-1536x1025.jpg 1536w, https:\/\/citriumworld.com\/wp-content\/uploads\/2024\/08\/reparacion-maquinas-de-frio-hosteleria-18x12.jpg 18w, https:\/\/citriumworld.com\/wp-content\/uploads\/2024\/08\/reparacion-maquinas-de-frio-hosteleria-600x400.jpg 600w, https:\/\/citriumworld.com\/wp-content\/uploads\/2024\/08\/reparacion-maquinas-de-frio-hosteleria.jpg 1714w\" sizes=\"(max-width: 800px) 100vw, 800px\" \/>\t\t\t\t\t\t\t\t\t\t\t\t\t\t\t<\/div>\n\t\t\t\t<\/div>\n\t\t\t\t<\/div>\n\t\t<div class=\"elementor-element elementor-element-a1ec72f e-flex e-con-boxed e-con e-child\" data-id=\"a1ec72f\" data-element_type=\"container\">\n\t\t\t\t\t<div class=\"e-con-inner\">\n\t\t<div class=\"elementor-element elementor-element-c23b4fa e-con-full e-flex e-con e-child\" data-id=\"c23b4fa\" data-element_type=\"container\">\n\t\t<div class=\"elementor-element elementor-element-72a87c6 tel-links e-con-full e-flex e-con e-child\" data-id=\"72a87c6\" data-element_type=\"container\">\n\t\t\t\t<div class=\"elementor-element elementor-element-92a104d elementor-widget elementor-widget-heading\" data-id=\"92a104d\" data-element_type=\"widget\" data-widget_type=\"heading.default\">\n\t\t\t\t<div class=\"elementor-widget-container\">\n\t\t\t\t\t<h4 class=\"elementor-heading-title elementor-size-default\">Servicio T\u00e9cnico 24\/7<\/h4>\t\t\t\t<\/div>\n\t\t\t\t<\/div>\n\t\t\t\t<div class=\"elementor-element elementor-element-8d1c1ed elementor-widget elementor-widget-heading\" data-id=\"8d1c1ed\" data-element_type=\"widget\" data-widget_type=\"heading.default\">\n\t\t\t\t<div class=\"elementor-widget-container\">\n\t\t\t\t\t<p class=\"elementor-heading-title elementor-size-default\">Nuestro equipo est\u00e1 disponible 24\/7 para que tu operaci\u00f3n nunca se detenga. Ya sea para reparaciones o mantenimiento, estamos aqu\u00ed para ayudarte r\u00e1pidamente.<\/p>\t\t\t\t<\/div>\n\t\t\t\t<\/div>\n\t\t\t\t<\/div>\n\t\t<div class=\"elementor-element elementor-element-87f370c tel-links e-con-full e-flex e-con e-child\" data-id=\"87f370c\" data-element_type=\"container\">\n\t\t\t\t<div class=\"elementor-element elementor-element-b02cad3 elementor-widget elementor-widget-heading\" data-id=\"b02cad3\" data-element_type=\"widget\" data-widget_type=\"heading.default\">\n\t\t\t\t<div class=\"elementor-widget-container\">\n\t\t\t\t\t<h4 class=\"elementor-heading-title elementor-size-default\">Entrega en 24 Horas<\/h4>\t\t\t\t<\/div>\n\t\t\t\t<\/div>\n\t\t\t\t<div class=\"elementor-element elementor-element-5c6456d elementor-widget elementor-widget-heading\" data-id=\"5c6456d\" data-element_type=\"widget\" data-widget_type=\"heading.default\">\n\t\t\t\t<div class=\"elementor-widget-container\">\n\t\t\t\t\t<p class=\"elementor-heading-title elementor-size-default\">Entregamos tus pedidos en 24 horas para que siempre tengas lo que necesitas y puedas ofrecer un servicio impecable a tus clientes.<\/p>\t\t\t\t<\/div>\n\t\t\t\t<\/div>\n\t\t\t\t<\/div>\n\t\t<div class=\"elementor-element elementor-element-74ec0dc tel-links e-con-full e-flex e-con e-child\" data-id=\"74ec0dc\" data-element_type=\"container\">\n\t\t\t\t<div class=\"elementor-element elementor-element-e69f946 elementor-widget elementor-widget-heading\" data-id=\"e69f946\" data-element_type=\"widget\" data-widget_type=\"heading.default\">\n\t\t\t\t<div class=\"elementor-widget-container\">\n\t\t\t\t\t<h4 class=\"elementor-heading-title elementor-size-default\">Adaptabilidad Total<\/h4>\t\t\t\t<\/div>\n\t\t\t\t<\/div>\n\t\t\t\t<div class=\"elementor-element elementor-element-4cfe0fb elementor-widget elementor-widget-heading\" data-id=\"4cfe0fb\" data-element_type=\"widget\" data-widget_type=\"heading.default\">\n\t\t\t\t<div class=\"elementor-widget-container\">\n\t\t\t\t\t<p class=\"elementor-heading-title elementor-size-default\">Nos ajustamos a tus necesidades \u00fanicas, ya sea en volumen, tipo de producto o frecuencia de entregas, para crear el plan perfecto para tu negocio.<\/p>\t\t\t\t<\/div>\n\t\t\t\t<\/div>\n\t\t\t\t<\/div>\n\t\t<div class=\"elementor-element elementor-element-26aeba9 tel-links e-con-full e-flex e-con e-child\" data-id=\"26aeba9\" data-element_type=\"container\">\n\t\t\t\t<div class=\"elementor-element elementor-element-bdb87ab elementor-widget elementor-widget-heading\" data-id=\"bdb87ab\" data-element_type=\"widget\" data-widget_type=\"heading.default\">\n\t\t\t\t<div class=\"elementor-widget-container\">\n\t\t\t\t\t<h4 class=\"elementor-heading-title elementor-size-default\">Personalizaci\u00f3n a tu Medida<\/h4>\t\t\t\t<\/div>\n\t\t\t\t<\/div>\n\t\t\t\t<div class=\"elementor-element elementor-element-859a2f0 elementor-widget elementor-widget-heading\" data-id=\"859a2f0\" data-element_type=\"widget\" data-widget_type=\"heading.default\">\n\t\t\t\t<div class=\"elementor-widget-container\">\n\t\t\t\t\t<p class=\"elementor-heading-title elementor-size-default\">Te ofrecemos la opci\u00f3n de personalizar nuestras bebidas seg\u00fan tus gustos o los de tus clientes. \u00bfM\u00e1s \u00e1cido o m\u00e1s dulce? T\u00fa decides.<\/p>\t\t\t\t<\/div>\n\t\t\t\t<\/div>\n\t\t\t\t<\/div>\n\t\t\t\t<\/div>\n\t\t\t\t\t<\/div>\n\t\t\t\t<\/div>\n\t\t\t\t<\/div>\n\t\t<div class=\"elementor-element elementor-element-8cb8e04 e-flex e-con-boxed e-con e-parent\" data-id=\"8cb8e04\" data-element_type=\"container\">\n\t\t\t\t\t<div class=\"e-con-inner\">\n\t\t\t\t<div class=\"elementor-element elementor-element-457fcb6 elementor-widget elementor-widget-heading\" data-id=\"457fcb6\" data-element_type=\"widget\" data-widget_type=\"heading.default\">\n\t\t\t\t<div class=\"elementor-widget-container\">\n\t\t\t\t\t<h2 class=\"elementor-heading-title elementor-size-default\">\u00a1Productos a tu gusto!<\/h2>\t\t\t\t<\/div>\n\t\t\t\t<\/div>\n\t\t\t\t<div class=\"elementor-element elementor-element-0be4b38 elementor-widget elementor-widget-heading\" data-id=\"0be4b38\" data-element_type=\"widget\" data-widget_type=\"heading.default\">\n\t\t\t\t<div class=\"elementor-widget-container\">\n\t\t\t\t\t<h2 class=\"elementor-heading-title elementor-size-default\">El sabor que deseas, hecho realidad<\/h2>\t\t\t\t<\/div>\n\t\t\t\t<\/div>\n\t\t\t\t<div class=\"elementor-element elementor-element-6bdb044 elementor-widget elementor-widget-text-editor\" data-id=\"6bdb044\" data-element_type=\"widget\" data-widget_type=\"text-editor.default\">\n\t\t\t\t<div class=\"elementor-widget-container\">\n\t\t\t\t\t\t\t\t\t<p>Te damos la posibilidad de adaptar nuestros productos a tu gusto. Prueba nuestras opciones con un toque m\u00e1s \u00e1cido, m\u00e1s dulce o como t\u00fa lo prefieras, y qu\u00e9date con la que mejor se adapte a las preferencias de tus clientes. En Citrium World, nos aseguramos de que cada bebida que ofreces sea exactamente lo que deseas, brind\u00e1ndote flexibilidad y control total sobre tu oferta.<\/p>\t\t\t\t\t\t\t\t<\/div>\n\t\t\t\t<\/div>\n\t\t\t\t\t<\/div>\n\t\t\t\t<\/div>\n\t\t<div class=\"elementor-element elementor-element-4c1bcc2 e-flex e-con-boxed e-con e-parent\" data-id=\"4c1bcc2\" data-element_type=\"container\">\n\t\t\t\t\t<div class=\"e-con-inner\">\n\t\t<div class=\"elementor-element elementor-element-bf7bedf e-con-full e-flex e-con e-child\" data-id=\"bf7bedf\" data-element_type=\"container\">\n\t\t\t\t<\/div>\n\t\t\t\t\t<\/div>\n\t\t\t\t<\/div>\n\t\t\t\t<\/div>\n\t\t","protected":false},"excerpt":{"rendered":"<p>Soluciones A tu lado en cada paso del camino En Citrium World, entendemos que cada negocio tiene sus propias necesidades y desaf\u00edos. Por eso, ofrecemos soluciones integrales dise\u00f1adas para apoyar a nuestros clientes en todo momento, asegurando que siempre cuenten con lo mejor de nuestros productos y servicios. Servicio T\u00e9cnico 24\/7 Nuestro equipo est\u00e1 disponible [&hellip;]<\/p>\n","protected":false},"author":1,"featured_media":0,"parent":0,"menu_order":0,"comment_status":"closed","ping_status":"closed","template":"","meta":{"footnotes":""},"class_list":["post-30","page","type-page","status-publish","hentry"],"yoast_head":"<!-- This site is optimized with the Yoast SEO plugin v26.5 - https:\/\/yoast.com\/wordpress\/plugins\/seo\/ -->\n<title>Soluciones - Citrium World<\/title>\n<meta name=\"robots\" content=\"index, follow, max-snippet:-1, max-image-preview:large, max-video-preview:-1\" \/>\n<link rel=\"canonical\" href=\"https:\/\/citriumworld.com\/index.php\/soluciones\/\" \/>\n<meta property=\"og:locale\" content=\"es_ES\" \/>\n<meta property=\"og:type\" content=\"article\" \/>\n<meta property=\"og:title\" content=\"Soluciones - Citrium World\" \/>\n<meta property=\"og:description\" content=\"Soluciones A tu lado en cada paso del camino En Citrium World, entendemos que cada negocio tiene sus propias necesidades y desaf\u00edos. Por eso, ofrecemos soluciones integrales dise\u00f1adas para apoyar a nuestros clientes en todo momento, asegurando que siempre cuenten con lo mejor de nuestros productos y servicios. Servicio T\u00e9cnico 24\/7 Nuestro equipo est\u00e1 disponible [&hellip;]\" \/>\n<meta property=\"og:url\" content=\"https:\/\/citriumworld.com\/index.php\/soluciones\/\" \/>\n<meta property=\"og:site_name\" content=\"Citrium World\" \/>\n<meta property=\"article:modified_time\" content=\"2024-08-13T11:28:53+00:00\" \/>\n<meta property=\"og:image\" content=\"https:\/\/citriumworld.com\/wp-content\/uploads\/2024\/08\/reparacion-maquinas-de-frio-hosteleria-1024x683.jpg\" \/>\n<meta name=\"twitter:card\" content=\"summary_large_image\" \/>\n<meta name=\"twitter:label1\" content=\"Tiempo de lectura\" \/>\n\t<meta name=\"twitter:data1\" content=\"2 minutos\" \/>\n<script type=\"application\/ld+json\" class=\"yoast-schema-graph\">{\"@context\":\"https:\/\/schema.org\",\"@graph\":[{\"@type\":\"WebPage\",\"@id\":\"https:\/\/citriumworld.com\/index.php\/soluciones\/\",\"url\":\"https:\/\/citriumworld.com\/index.php\/soluciones\/\",\"name\":\"Soluciones - Citrium World\",\"isPartOf\":{\"@id\":\"https:\/\/citriumworld.com\/#website\"},\"primaryImageOfPage\":{\"@id\":\"https:\/\/citriumworld.com\/index.php\/soluciones\/#primaryimage\"},\"image\":{\"@id\":\"https:\/\/citriumworld.com\/index.php\/soluciones\/#primaryimage\"},\"thumbnailUrl\":\"https:\/\/citriumworld.com\/wp-content\/uploads\/2024\/08\/reparacion-maquinas-de-frio-hosteleria-1024x683.jpg\",\"datePublished\":\"2024-06-19T10:36:27+00:00\",\"dateModified\":\"2024-08-13T11:28:53+00:00\",\"breadcrumb\":{\"@id\":\"https:\/\/citriumworld.com\/index.php\/soluciones\/#breadcrumb\"},\"inLanguage\":\"es\",\"potentialAction\":[{\"@type\":\"ReadAction\",\"target\":[\"https:\/\/citriumworld.com\/index.php\/soluciones\/\"]}]},{\"@type\":\"ImageObject\",\"inLanguage\":\"es\",\"@id\":\"https:\/\/citriumworld.com\/index.php\/soluciones\/#primaryimage\",\"url\":\"https:\/\/citriumworld.com\/wp-content\/uploads\/2024\/08\/reparacion-maquinas-de-frio-hosteleria.jpg\",\"contentUrl\":\"https:\/\/citriumworld.com\/wp-content\/uploads\/2024\/08\/reparacion-maquinas-de-frio-hosteleria.jpg\",\"width\":1714,\"height\":1144},{\"@type\":\"BreadcrumbList\",\"@id\":\"https:\/\/citriumworld.com\/index.php\/soluciones\/#breadcrumb\",\"itemListElement\":[{\"@type\":\"ListItem\",\"position\":1,\"name\":\"Portada\",\"item\":\"https:\/\/citriumworld.com\/\"},{\"@type\":\"ListItem\",\"position\":2,\"name\":\"Soluciones\"}]},{\"@type\":\"WebSite\",\"@id\":\"https:\/\/citriumworld.com\/#website\",\"url\":\"https:\/\/citriumworld.com\/\",\"name\":\"Citrium World\",\"description\":\"Compa\u00f1\u00eda especializada en fabricaci\u00f3n y distribuci\u00f3n de bebidas\",\"publisher\":{\"@id\":\"https:\/\/citriumworld.com\/#organization\"},\"alternateName\":\"Citrium World\",\"potentialAction\":[{\"@type\":\"SearchAction\",\"target\":{\"@type\":\"EntryPoint\",\"urlTemplate\":\"https:\/\/citriumworld.com\/?s={search_term_string}\"},\"query-input\":{\"@type\":\"PropertyValueSpecification\",\"valueRequired\":true,\"valueName\":\"search_term_string\"}}],\"inLanguage\":\"es\"},{\"@type\":\"Organization\",\"@id\":\"https:\/\/citriumworld.com\/#organization\",\"name\":\"Citrium World\",\"url\":\"https:\/\/citriumworld.com\/\",\"logo\":{\"@type\":\"ImageObject\",\"inLanguage\":\"es\",\"@id\":\"https:\/\/citriumworld.com\/#\/schema\/logo\/image\/\",\"url\":\"https:\/\/citriumworld.com\/wp-content\/uploads\/2024\/06\/LOGOCITRIUMWORLD.png\",\"contentUrl\":\"https:\/\/citriumworld.com\/wp-content\/uploads\/2024\/06\/LOGOCITRIUMWORLD.png\",\"width\":698,\"height\":357,\"caption\":\"Citrium World\"},\"image\":{\"@id\":\"https:\/\/citriumworld.com\/#\/schema\/logo\/image\/\"}}]}<\/script>\n<!-- \/ Yoast SEO plugin. -->","yoast_head_json":{"title":"Soluciones - Citrium World","robots":{"index":"index","follow":"follow","max-snippet":"max-snippet:-1","max-image-preview":"max-image-preview:large","max-video-preview":"max-video-preview:-1"},"canonical":"https:\/\/citriumworld.com\/index.php\/soluciones\/","og_locale":"es_ES","og_type":"article","og_title":"Soluciones - Citrium World","og_description":"Soluciones A tu lado en cada paso del camino En Citrium World, entendemos que cada negocio tiene sus propias necesidades y desaf\u00edos. Por eso, ofrecemos soluciones integrales dise\u00f1adas para apoyar a nuestros clientes en todo momento, asegurando que siempre cuenten con lo mejor de nuestros productos y servicios. Servicio T\u00e9cnico 24\/7 Nuestro equipo est\u00e1 disponible [&hellip;]","og_url":"https:\/\/citriumworld.com\/index.php\/soluciones\/","og_site_name":"Citrium World","article_modified_time":"2024-08-13T11:28:53+00:00","og_image":[{"url":"https:\/\/citriumworld.com\/wp-content\/uploads\/2024\/08\/reparacion-maquinas-de-frio-hosteleria-1024x683.jpg","type":"","width":"","height":""}],"twitter_card":"summary_large_image","twitter_misc":{"Tiempo de lectura":"2 minutos"},"schema":{"@context":"https:\/\/schema.org","@graph":[{"@type":"WebPage","@id":"https:\/\/citriumworld.com\/index.php\/soluciones\/","url":"https:\/\/citriumworld.com\/index.php\/soluciones\/","name":"Soluciones - Citrium World","isPartOf":{"@id":"https:\/\/citriumworld.com\/#website"},"primaryImageOfPage":{"@id":"https:\/\/citriumworld.com\/index.php\/soluciones\/#primaryimage"},"image":{"@id":"https:\/\/citriumworld.com\/index.php\/soluciones\/#primaryimage"},"thumbnailUrl":"https:\/\/citriumworld.com\/wp-content\/uploads\/2024\/08\/reparacion-maquinas-de-frio-hosteleria-1024x683.jpg","datePublished":"2024-06-19T10:36:27+00:00","dateModified":"2024-08-13T11:28:53+00:00","breadcrumb":{"@id":"https:\/\/citriumworld.com\/index.php\/soluciones\/#breadcrumb"},"inLanguage":"es","potentialAction":[{"@type":"ReadAction","target":["https:\/\/citriumworld.com\/index.php\/soluciones\/"]}]},{"@type":"ImageObject","inLanguage":"es","@id":"https:\/\/citriumworld.com\/index.php\/soluciones\/#primaryimage","url":"https:\/\/citriumworld.com\/wp-content\/uploads\/2024\/08\/reparacion-maquinas-de-frio-hosteleria.jpg","contentUrl":"https:\/\/citriumworld.com\/wp-content\/uploads\/2024\/08\/reparacion-maquinas-de-frio-hosteleria.jpg","width":1714,"height":1144},{"@type":"BreadcrumbList","@id":"https:\/\/citriumworld.com\/index.php\/soluciones\/#breadcrumb","itemListElement":[{"@type":"ListItem","position":1,"name":"Portada","item":"https:\/\/citriumworld.com\/"},{"@type":"ListItem","position":2,"name":"Soluciones"}]},{"@type":"WebSite","@id":"https:\/\/citriumworld.com\/#website","url":"https:\/\/citriumworld.com\/","name":"Citrium World","description":"Compa\u00f1\u00eda especializada en fabricaci\u00f3n y distribuci\u00f3n de bebidas","publisher":{"@id":"https:\/\/citriumworld.com\/#organization"},"alternateName":"Citrium World","potentialAction":[{"@type":"SearchAction","target":{"@type":"EntryPoint","urlTemplate":"https:\/\/citriumworld.com\/?s={search_term_string}"},"query-input":{"@type":"PropertyValueSpecification","valueRequired":true,"valueName":"search_term_string"}}],"inLanguage":"es"},{"@type":"Organization","@id":"https:\/\/citriumworld.com\/#organization","name":"Citrium World","url":"https:\/\/citriumworld.com\/","logo":{"@type":"ImageObject","inLanguage":"es","@id":"https:\/\/citriumworld.com\/#\/schema\/logo\/image\/","url":"https:\/\/citriumworld.com\/wp-content\/uploads\/2024\/06\/LOGOCITRIUMWORLD.png","contentUrl":"https:\/\/citriumworld.com\/wp-content\/uploads\/2024\/06\/LOGOCITRIUMWORLD.png","width":698,"height":357,"caption":"Citrium World"},"image":{"@id":"https:\/\/citriumworld.com\/#\/schema\/logo\/image\/"}}]}},"_links":{"self":[{"href":"https:\/\/citriumworld.com\/index.php\/wp-json\/wp\/v2\/pages\/30","targetHints":{"allow":["GET"]}}],"collection":[{"href":"https:\/\/citriumworld.com\/index.php\/wp-json\/wp\/v2\/pages"}],"about":[{"href":"https:\/\/citriumworld.com\/index.php\/wp-json\/wp\/v2\/types\/page"}],"author":[{"embeddable":true,"href":"https:\/\/citriumworld.com\/index.php\/wp-json\/wp\/v2\/users\/1"}],"replies":[{"embeddable":true,"href":"https:\/\/citriumworld.com\/index.php\/wp-json\/wp\/v2\/comments?post=30"}],"version-history":[{"count":19,"href":"https:\/\/citriumworld.com\/index.php\/wp-json\/wp\/v2\/pages\/30\/revisions"}],"predecessor-version":[{"id":813,"href":"https:\/\/citriumworld.com\/index.php\/wp-json\/wp\/v2\/pages\/30\/revisions\/813"}],"wp:attachment":[{"href":"https:\/\/citriumworld.com\/index.php\/wp-json\/wp\/v2\/media?parent=30"}],"curies":[{"name":"wp","href":"https:\/\/api.w.org\/{rel}","templated":true}]}}