{"id":67,"date":"2024-06-20T19:20:42","date_gmt":"2024-06-20T19:20:42","guid":{"rendered":"https:\/\/citriumworld.com\/?page_id=67"},"modified":"2024-11-11T11:07:48","modified_gmt":"2024-11-11T11:07:48","slug":"zumos","status":"publish","type":"page","link":"https:\/\/citriumworld.com\/index.php\/zumos\/","title":{"rendered":"Zumos"},"content":{"rendered":"\t\t<div data-elementor-type=\"wp-page\" data-elementor-id=\"67\" class=\"elementor elementor-67\" data-elementor-post-type=\"page\">\n\t\t\t\t<div class=\"elementor-element elementor-element-65b0820 e-con-full e-flex e-con e-parent\" data-id=\"65b0820\" data-element_type=\"container\">\n\t\t\t\t<\/div>\n\t\t<div class=\"elementor-element elementor-element-7be9aa2 e-flex e-con-boxed e-con e-parent\" data-id=\"7be9aa2\" data-element_type=\"container\">\n\t\t\t\t\t<div class=\"e-con-inner\">\n\t\t\t\t<div class=\"elementor-element elementor-element-25937e4 elementor-widget elementor-widget-heading\" data-id=\"25937e4\" data-element_type=\"widget\" data-widget_type=\"heading.default\">\n\t\t\t\t<div class=\"elementor-widget-container\">\n\t\t\t\t\t<h2 class=\"elementor-heading-title elementor-size-default\">Zumos<\/h2>\t\t\t\t<\/div>\n\t\t\t\t<\/div>\n\t\t\t\t<div class=\"elementor-element elementor-element-af2867f elementor-widget elementor-widget-heading\" data-id=\"af2867f\" data-element_type=\"widget\" data-widget_type=\"heading.default\">\n\t\t\t\t<div class=\"elementor-widget-container\">\n\t\t\t\t\t<h2 class=\"elementor-heading-title elementor-size-default\">Producidos con la mejor selecci\u00f3n de frutas en el mercado internacional y elaborados espec\u00edficamente para nuestras m\u00e1quinas autom\u00e1ticas. <\/h2>\t\t\t\t<\/div>\n\t\t\t\t<\/div>\n\t\t\t\t<div class=\"elementor-element elementor-element-c14a3c1 elementor-widget elementor-widget-text-editor\" data-id=\"c14a3c1\" data-element_type=\"widget\" data-widget_type=\"text-editor.default\">\n\t\t\t\t<div class=\"elementor-widget-container\">\n\t\t\t\t\t\t\t\t\t<p>Desarrollados y producidos <strong>100% en Espa\u00f1a<\/strong>. Con ellos podr\u00e1 ofrecer una experiencia deliciosa con cada sorbo, con amplia variedad, eficiencia y autenticidad en cada vaso, transforma la experiencia de tus clientes consiguiendo la m\u00e1xima satisfacci\u00f3n. Con diferentes calidades y alternativas de dispensaci\u00f3n y presentaci\u00f3n, nos adaptaremos perfectamente a sus necesidades seg\u00fan su tipolog\u00eda de producto y cliente.<\/p>\t\t\t\t\t\t\t\t<\/div>\n\t\t\t\t<\/div>\n\t\t\t\t\t<\/div>\n\t\t\t\t<\/div>\n\t\t<div class=\"elementor-element elementor-element-761a1fa e-flex e-con-boxed e-con e-parent\" data-id=\"761a1fa\" data-element_type=\"container\">\n\t\t\t\t\t<div class=\"e-con-inner\">\n\t\t\t\t<div class=\"elementor-element elementor-element-2df7019 eael-product-grid-column-widescreen-4 eael-product-grid-column-laptop-3 eael-product-grid-column-tablet_extra-3 eael-product-grid-column-tablet-2 eael-product-grid-column-mobile_extra-2 eael-product-grid-column-mobile-1 eael-product-grid-column-4 elementor-widget elementor-widget-eicon-woocommerce\" data-id=\"2df7019\" data-element_type=\"widget\" data-widget_type=\"eicon-woocommerce.default\">\n\t\t\t\t<div class=\"elementor-widget-container\">\n\t\t\t\t\t\n        <div class=\"eael-product-grid eael-product-simple grid\" id=\"eael-product-grid\" data-widget-id=\"2df7019\" data-page-id=\"67\" data-nonce=\"8b450ac35f\" >\n            <div class=\"woocommerce\">\n                <ul class=\"products eael-post-appender\" data-layout-mode=\"grid\" data-ssi-desktop=\"no\" data-ssi-tablet=\"no\" data-ssi-mobile=\"no\"> <li class=\"product \">\n<div class=\"eael-product-wrap\" data-src=\"\" data-src-hover=\"\">\n    <a href=\"https:\/\/citriumworld.com\/index.php\/producto\/pina-supreme\/\" class=\"woocommerce-LoopProduct-link woocommerce-loop-product__link\"><img fetchpriority=\"high\" decoding=\"async\" width=\"300\" height=\"300\" src=\"https:\/\/citriumworld.com\/wp-content\/uploads\/2024\/06\/citrium-portada-300x300.png\" class=\"attachment-woocommerce_thumbnail size-woocommerce_thumbnail wvs-archive-product-image\" alt=\"Zumo Pi\u00f1a Supreme\" loading=\"eager\" srcset=\"https:\/\/citriumworld.com\/wp-content\/uploads\/2024\/06\/citrium-portada-300x300.png 300w, https:\/\/citriumworld.com\/wp-content\/uploads\/2024\/06\/citrium-portada-150x150.png 150w\" sizes=\"(max-width: 300px) 100vw, 300px\" \/><\/a><div class=\"eael-product-title\">\n    <a href=\"https:\/\/citriumworld.com\/index.php\/producto\/pina-supreme\/\" class=\"woocommerce-LoopProduct-link woocommerce-loop-product__link\"><h2 class=\"woocommerce-loop-product__title\">Zumo Pi\u00f1a Supreme<\/h2><\/a>\n    <\/div>    \t<span id=\"woocommerce_loop_add_to_cart_link_describedby_861\" class=\"screen-reader-text\">\n\t\t\t<\/span>\n    \n<\/div>\n\n<\/li> <li class=\"product \">\n<div class=\"eael-product-wrap\" data-src=\"\" data-src-hover=\"\">\n    <a href=\"https:\/\/citriumworld.com\/index.php\/producto\/pina-excellence\/\" class=\"woocommerce-LoopProduct-link woocommerce-loop-product__link\"><img decoding=\"async\" width=\"300\" height=\"300\" src=\"https:\/\/citriumworld.com\/wp-content\/uploads\/2024\/06\/citrium-portada-300x300.png\" class=\"attachment-woocommerce_thumbnail size-woocommerce_thumbnail wvs-archive-product-image\" alt=\"Zumo Pi\u00f1a Excellence\" loading=\"eager\" srcset=\"https:\/\/citriumworld.com\/wp-content\/uploads\/2024\/06\/citrium-portada-300x300.png 300w, https:\/\/citriumworld.com\/wp-content\/uploads\/2024\/06\/citrium-portada-150x150.png 150w\" sizes=\"(max-width: 300px) 100vw, 300px\" \/><\/a><div class=\"eael-product-title\">\n    <a href=\"https:\/\/citriumworld.com\/index.php\/producto\/pina-excellence\/\" class=\"woocommerce-LoopProduct-link woocommerce-loop-product__link\"><h2 class=\"woocommerce-loop-product__title\">Zumo Pi\u00f1a Excellence<\/h2><\/a>\n    <\/div>    \t<span id=\"woocommerce_loop_add_to_cart_link_describedby_853\" class=\"screen-reader-text\">\n\t\t\t<\/span>\n    \n<\/div>\n\n<\/li> <li class=\"product \">\n<div class=\"eael-product-wrap\" data-src=\"\" data-src-hover=\"\">\n    <a href=\"https:\/\/citriumworld.com\/index.php\/producto\/naranja-supreme-con-pulpa\/\" class=\"woocommerce-LoopProduct-link woocommerce-loop-product__link\"><img decoding=\"async\" width=\"300\" height=\"300\" src=\"https:\/\/citriumworld.com\/wp-content\/uploads\/2024\/06\/citrium-portada-300x300.png\" class=\"attachment-woocommerce_thumbnail size-woocommerce_thumbnail wvs-archive-product-image\" alt=\"Zumo Naranja Supreme Con pulpa\" loading=\"eager\" srcset=\"https:\/\/citriumworld.com\/wp-content\/uploads\/2024\/06\/citrium-portada-300x300.png 300w, https:\/\/citriumworld.com\/wp-content\/uploads\/2024\/06\/citrium-portada-150x150.png 150w\" sizes=\"(max-width: 300px) 100vw, 300px\" \/><\/a><div class=\"eael-product-title\">\n    <a href=\"https:\/\/citriumworld.com\/index.php\/producto\/naranja-supreme-con-pulpa\/\" class=\"woocommerce-LoopProduct-link woocommerce-loop-product__link\"><h2 class=\"woocommerce-loop-product__title\">Zumo Naranja Supreme Con pulpa<\/h2><\/a>\n    <\/div>    \t<span id=\"woocommerce_loop_add_to_cart_link_describedby_859\" class=\"screen-reader-text\">\n\t\t\t<\/span>\n    \n<\/div>\n\n<\/li> <li class=\"product \">\n<div class=\"eael-product-wrap\" data-src=\"\" data-src-hover=\"\">\n    <a href=\"https:\/\/citriumworld.com\/index.php\/producto\/naranja-imperial-sin-pulpa\/\" class=\"woocommerce-LoopProduct-link woocommerce-loop-product__link\"><img decoding=\"async\" width=\"300\" height=\"300\" src=\"https:\/\/citriumworld.com\/wp-content\/uploads\/2024\/06\/citrium-portada-300x300.png\" class=\"attachment-woocommerce_thumbnail size-woocommerce_thumbnail wvs-archive-product-image\" alt=\"Zumo Naranja Imperial Sin pulpa\" loading=\"eager\" srcset=\"https:\/\/citriumworld.com\/wp-content\/uploads\/2024\/06\/citrium-portada-300x300.png 300w, https:\/\/citriumworld.com\/wp-content\/uploads\/2024\/06\/citrium-portada-150x150.png 150w\" sizes=\"(max-width: 300px) 100vw, 300px\" \/><\/a><div class=\"eael-product-title\">\n    <a href=\"https:\/\/citriumworld.com\/index.php\/producto\/naranja-imperial-sin-pulpa\/\" class=\"woocommerce-LoopProduct-link woocommerce-loop-product__link\"><h2 class=\"woocommerce-loop-product__title\">Zumo Naranja Imperial Sin pulpa<\/h2><\/a>\n    <\/div>    \t<span id=\"woocommerce_loop_add_to_cart_link_describedby_858\" class=\"screen-reader-text\">\n\t\t\t<\/span>\n    \n<\/div>\n\n<\/li> <li class=\"product \">\n<div class=\"eael-product-wrap\" data-src=\"\" data-src-hover=\"\">\n    <a href=\"https:\/\/citriumworld.com\/index.php\/producto\/naranja-imperial-con-pulpa\/\" class=\"woocommerce-LoopProduct-link woocommerce-loop-product__link\"><img decoding=\"async\" width=\"300\" height=\"300\" src=\"https:\/\/citriumworld.com\/wp-content\/uploads\/2024\/06\/citrium-portada-300x300.png\" class=\"attachment-woocommerce_thumbnail size-woocommerce_thumbnail wvs-archive-product-image\" alt=\"Zumo Naranja Imperial Con pulpa\" loading=\"eager\" srcset=\"https:\/\/citriumworld.com\/wp-content\/uploads\/2024\/06\/citrium-portada-300x300.png 300w, https:\/\/citriumworld.com\/wp-content\/uploads\/2024\/06\/citrium-portada-150x150.png 150w\" sizes=\"(max-width: 300px) 100vw, 300px\" \/><\/a><div class=\"eael-product-title\">\n    <a href=\"https:\/\/citriumworld.com\/index.php\/producto\/naranja-imperial-con-pulpa\/\" class=\"woocommerce-LoopProduct-link woocommerce-loop-product__link\"><h2 class=\"woocommerce-loop-product__title\">Zumo Naranja Imperial Con pulpa<\/h2><\/a>\n    <\/div>    \t<span id=\"woocommerce_loop_add_to_cart_link_describedby_857\" class=\"screen-reader-text\">\n\t\t\t<\/span>\n    \n<\/div>\n\n<\/li> <li class=\"product \">\n<div class=\"eael-product-wrap\" data-src=\"\" data-src-hover=\"\">\n    <a href=\"https:\/\/citriumworld.com\/index.php\/producto\/naranja-extraimperial-con-pulpa\/\" class=\"woocommerce-LoopProduct-link woocommerce-loop-product__link\"><img decoding=\"async\" width=\"300\" height=\"300\" src=\"https:\/\/citriumworld.com\/wp-content\/uploads\/2024\/06\/citrium-portada-300x300.png\" class=\"attachment-woocommerce_thumbnail size-woocommerce_thumbnail wvs-archive-product-image\" alt=\"Zumo Naranja ExtraImperial Con pulpa\" loading=\"eager\" srcset=\"https:\/\/citriumworld.com\/wp-content\/uploads\/2024\/06\/citrium-portada-300x300.png 300w, https:\/\/citriumworld.com\/wp-content\/uploads\/2024\/06\/citrium-portada-150x150.png 150w\" sizes=\"(max-width: 300px) 100vw, 300px\" \/><\/a><div class=\"eael-product-title\">\n    <a href=\"https:\/\/citriumworld.com\/index.php\/producto\/naranja-extraimperial-con-pulpa\/\" class=\"woocommerce-LoopProduct-link woocommerce-loop-product__link\"><h2 class=\"woocommerce-loop-product__title\">Zumo Naranja ExtraImperial Con pulpa<\/h2><\/a>\n    <\/div>    \t<span id=\"woocommerce_loop_add_to_cart_link_describedby_856\" class=\"screen-reader-text\">\n\t\t\t<\/span>\n    \n<\/div>\n\n<\/li> <li class=\"product \">\n<div class=\"eael-product-wrap\" data-src=\"\" data-src-hover=\"\">\n    <a href=\"https:\/\/citriumworld.com\/index.php\/producto\/naranja-excellence-con-pulpa\/\" class=\"woocommerce-LoopProduct-link woocommerce-loop-product__link\"><img decoding=\"async\" width=\"300\" height=\"300\" src=\"https:\/\/citriumworld.com\/wp-content\/uploads\/2024\/06\/citrium-portada-300x300.png\" class=\"attachment-woocommerce_thumbnail size-woocommerce_thumbnail wvs-archive-product-image\" alt=\"Zumo Naranja Excellence Con pulpa\" loading=\"eager\" srcset=\"https:\/\/citriumworld.com\/wp-content\/uploads\/2024\/06\/citrium-portada-300x300.png 300w, https:\/\/citriumworld.com\/wp-content\/uploads\/2024\/06\/citrium-portada-150x150.png 150w\" sizes=\"(max-width: 300px) 100vw, 300px\" \/><\/a><div class=\"eael-product-title\">\n    <a href=\"https:\/\/citriumworld.com\/index.php\/producto\/naranja-excellence-con-pulpa\/\" class=\"woocommerce-LoopProduct-link woocommerce-loop-product__link\"><h2 class=\"woocommerce-loop-product__title\">Zumo Naranja Excellence Con pulpa<\/h2><\/a>\n    <\/div>    \t<span id=\"woocommerce_loop_add_to_cart_link_describedby_855\" class=\"screen-reader-text\">\n\t\t\t<\/span>\n    \n<\/div>\n\n<\/li> <li class=\"product \">\n<div class=\"eael-product-wrap\" data-src=\"\" data-src-hover=\"\">\n    <a href=\"https:\/\/citriumworld.com\/index.php\/producto\/manzana-supreme\/\" class=\"woocommerce-LoopProduct-link woocommerce-loop-product__link\"><img decoding=\"async\" width=\"300\" height=\"300\" src=\"https:\/\/citriumworld.com\/wp-content\/uploads\/2024\/06\/citrium-portada-300x300.png\" class=\"attachment-woocommerce_thumbnail size-woocommerce_thumbnail wvs-archive-product-image\" alt=\"Zumo Manzana Supreme\" loading=\"eager\" srcset=\"https:\/\/citriumworld.com\/wp-content\/uploads\/2024\/06\/citrium-portada-300x300.png 300w, https:\/\/citriumworld.com\/wp-content\/uploads\/2024\/06\/citrium-portada-150x150.png 150w\" sizes=\"(max-width: 300px) 100vw, 300px\" \/><\/a><div class=\"eael-product-title\">\n    <a href=\"https:\/\/citriumworld.com\/index.php\/producto\/manzana-supreme\/\" class=\"woocommerce-LoopProduct-link woocommerce-loop-product__link\"><h2 class=\"woocommerce-loop-product__title\">Zumo Manzana Supreme<\/h2><\/a>\n    <\/div>    \t<span id=\"woocommerce_loop_add_to_cart_link_describedby_860\" class=\"screen-reader-text\">\n\t\t\t<\/span>\n    \n<\/div>\n\n<\/li> <li class=\"product \">\n<div class=\"eael-product-wrap\" data-src=\"\" data-src-hover=\"\">\n    <a href=\"https:\/\/citriumworld.com\/index.php\/producto\/manzana-excellence\/\" class=\"woocommerce-LoopProduct-link woocommerce-loop-product__link\"><img decoding=\"async\" width=\"300\" height=\"300\" src=\"https:\/\/citriumworld.com\/wp-content\/uploads\/2024\/06\/citrium-portada-300x300.png\" class=\"attachment-woocommerce_thumbnail size-woocommerce_thumbnail wvs-archive-product-image\" alt=\"Zumo Manzana Excellence\" loading=\"eager\" srcset=\"https:\/\/citriumworld.com\/wp-content\/uploads\/2024\/06\/citrium-portada-300x300.png 300w, https:\/\/citriumworld.com\/wp-content\/uploads\/2024\/06\/citrium-portada-150x150.png 150w\" sizes=\"(max-width: 300px) 100vw, 300px\" \/><\/a><div class=\"eael-product-title\">\n    <a href=\"https:\/\/citriumworld.com\/index.php\/producto\/manzana-excellence\/\" class=\"woocommerce-LoopProduct-link woocommerce-loop-product__link\"><h2 class=\"woocommerce-loop-product__title\">Zumo Manzana Excellence<\/h2><\/a>\n    <\/div>    \t<span id=\"woocommerce_loop_add_to_cart_link_describedby_854\" class=\"screen-reader-text\">\n\t\t\t<\/span>\n    \n<\/div>\n\n<\/li> <li class=\"product \">\n<div class=\"eael-product-wrap\" data-src=\"\" data-src-hover=\"\">\n    <a href=\"https:\/\/citriumworld.com\/index.php\/producto\/producto-de-prueba\/\" class=\"woocommerce-LoopProduct-link woocommerce-loop-product__link\"><img decoding=\"async\" width=\"300\" height=\"300\" src=\"https:\/\/citriumworld.com\/wp-content\/uploads\/2024\/06\/citrium-portada-300x300.png\" class=\"attachment-woocommerce_thumbnail size-woocommerce_thumbnail wvs-archive-product-image\" alt=\"Producto de prueba Zumo\" loading=\"eager\" srcset=\"https:\/\/citriumworld.com\/wp-content\/uploads\/2024\/06\/citrium-portada-300x300.png 300w, https:\/\/citriumworld.com\/wp-content\/uploads\/2024\/06\/citrium-portada-150x150.png 150w\" sizes=\"(max-width: 300px) 100vw, 300px\" \/><\/a><div class=\"eael-product-title\">\n    <a href=\"https:\/\/citriumworld.com\/index.php\/producto\/producto-de-prueba\/\" class=\"woocommerce-LoopProduct-link woocommerce-loop-product__link\"><h2 class=\"woocommerce-loop-product__title\">Producto de prueba Zumo<\/h2><\/a>\n    <\/div>    \t<span id=\"woocommerce_loop_add_to_cart_link_describedby_451\" class=\"screen-reader-text\">\n\t\t\t<\/span>\n    \n<\/div>\n\n<\/li><\/ul>            <\/div>\n        <\/div>\n\n        <script type=\"text\/javascript\">\n            jQuery(document).ready(function($) {\n                var $scope = jQuery(\".elementor-element-2df7019\");\n                var $products = $('.products', $scope);\n                var $layout_mode = $products.data('layout-mode');\n                \n                if ( $layout_mode === 'masonry' ) {\n                    \/\/ init isotope\n                    var $isotope_products = $products.isotope({\n                        itemSelector: \"li.product\",\n                        layoutMode: $layout_mode,\n                        percentPosition: true\n                    });\n\n                    $isotope_products.imagesLoaded().progress( function() {\n                        $isotope_products.isotope('layout');\n                    })\n                    \n                }\n            });\n        <\/script>\n        \t\t\t\t<\/div>\n\t\t\t\t<\/div>\n\t\t\t\t\t<\/div>\n\t\t\t\t<\/div>\n\t\t<div class=\"elementor-element elementor-element-c6fb11b e-con-full e-flex e-con e-parent\" data-id=\"c6fb11b\" data-element_type=\"container\">\n\t\t\t\t<\/div>\n\t\t\t\t<\/div>\n\t\t","protected":false},"excerpt":{"rendered":"<p>Zumos Producidos con la mejor selecci\u00f3n de frutas en el mercado internacional y elaborados espec\u00edficamente para nuestras m\u00e1quinas autom\u00e1ticas. Desarrollados y producidos 100% en Espa\u00f1a. Con ellos podr\u00e1 ofrecer una experiencia deliciosa con cada sorbo, con amplia variedad, eficiencia y autenticidad en cada vaso, transforma la experiencia de tus clientes consiguiendo la m\u00e1xima satisfacci\u00f3n. Con [&hellip;]<\/p>\n","protected":false},"author":1,"featured_media":0,"parent":0,"menu_order":0,"comment_status":"closed","ping_status":"closed","template":"","meta":{"footnotes":""},"class_list":["post-67","page","type-page","status-publish","hentry"],"yoast_head":"<!-- This site is optimized with the Yoast SEO plugin v26.5 - https:\/\/yoast.com\/wordpress\/plugins\/seo\/ -->\n<title>Zumos - Citrium World<\/title>\n<meta name=\"robots\" content=\"index, follow, max-snippet:-1, max-image-preview:large, max-video-preview:-1\" \/>\n<link rel=\"canonical\" href=\"https:\/\/citriumworld.com\/index.php\/zumos\/\" \/>\n<meta property=\"og:locale\" content=\"es_ES\" \/>\n<meta property=\"og:type\" content=\"article\" \/>\n<meta property=\"og:title\" content=\"Zumos - Citrium World\" \/>\n<meta property=\"og:description\" content=\"Zumos Producidos con la mejor selecci\u00f3n de frutas en el mercado internacional y elaborados espec\u00edficamente para nuestras m\u00e1quinas autom\u00e1ticas. Desarrollados y producidos 100% en Espa\u00f1a. Con ellos podr\u00e1 ofrecer una experiencia deliciosa con cada sorbo, con amplia variedad, eficiencia y autenticidad en cada vaso, transforma la experiencia de tus clientes consiguiendo la m\u00e1xima satisfacci\u00f3n. Con [&hellip;]\" \/>\n<meta property=\"og:url\" content=\"https:\/\/citriumworld.com\/index.php\/zumos\/\" \/>\n<meta property=\"og:site_name\" content=\"Citrium World\" \/>\n<meta property=\"article:modified_time\" content=\"2024-11-11T11:07:48+00:00\" \/>\n<meta property=\"og:image\" content=\"https:\/\/citriumworld.com\/wp-content\/uploads\/2024\/06\/citrium-portada-300x300.png\" \/>\n<meta name=\"twitter:card\" content=\"summary_large_image\" \/>\n<meta name=\"twitter:label1\" content=\"Tiempo de lectura\" \/>\n\t<meta name=\"twitter:data1\" content=\"3 minutos\" \/>\n<script type=\"application\/ld+json\" class=\"yoast-schema-graph\">{\"@context\":\"https:\/\/schema.org\",\"@graph\":[{\"@type\":\"WebPage\",\"@id\":\"https:\/\/citriumworld.com\/index.php\/zumos\/\",\"url\":\"https:\/\/citriumworld.com\/index.php\/zumos\/\",\"name\":\"Zumos - Citrium World\",\"isPartOf\":{\"@id\":\"https:\/\/citriumworld.com\/#website\"},\"primaryImageOfPage\":{\"@id\":\"https:\/\/citriumworld.com\/index.php\/zumos\/#primaryimage\"},\"image\":{\"@id\":\"https:\/\/citriumworld.com\/index.php\/zumos\/#primaryimage\"},\"thumbnailUrl\":\"https:\/\/citriumworld.com\/wp-content\/uploads\/2024\/06\/citrium-portada-300x300.png\",\"datePublished\":\"2024-06-20T19:20:42+00:00\",\"dateModified\":\"2024-11-11T11:07:48+00:00\",\"breadcrumb\":{\"@id\":\"https:\/\/citriumworld.com\/index.php\/zumos\/#breadcrumb\"},\"inLanguage\":\"es\",\"potentialAction\":[{\"@type\":\"ReadAction\",\"target\":[\"https:\/\/citriumworld.com\/index.php\/zumos\/\"]}]},{\"@type\":\"ImageObject\",\"inLanguage\":\"es\",\"@id\":\"https:\/\/citriumworld.com\/index.php\/zumos\/#primaryimage\",\"url\":\"https:\/\/citriumworld.com\/wp-content\/uploads\/2024\/06\/citrium-portada.png\",\"contentUrl\":\"https:\/\/citriumworld.com\/wp-content\/uploads\/2024\/06\/citrium-portada.png\",\"width\":1280,\"height\":720},{\"@type\":\"BreadcrumbList\",\"@id\":\"https:\/\/citriumworld.com\/index.php\/zumos\/#breadcrumb\",\"itemListElement\":[{\"@type\":\"ListItem\",\"position\":1,\"name\":\"Portada\",\"item\":\"https:\/\/citriumworld.com\/\"},{\"@type\":\"ListItem\",\"position\":2,\"name\":\"Zumos\"}]},{\"@type\":\"WebSite\",\"@id\":\"https:\/\/citriumworld.com\/#website\",\"url\":\"https:\/\/citriumworld.com\/\",\"name\":\"Citrium World\",\"description\":\"Compa\u00f1\u00eda especializada en fabricaci\u00f3n y distribuci\u00f3n de bebidas\",\"publisher\":{\"@id\":\"https:\/\/citriumworld.com\/#organization\"},\"alternateName\":\"Citrium World\",\"potentialAction\":[{\"@type\":\"SearchAction\",\"target\":{\"@type\":\"EntryPoint\",\"urlTemplate\":\"https:\/\/citriumworld.com\/?s={search_term_string}\"},\"query-input\":{\"@type\":\"PropertyValueSpecification\",\"valueRequired\":true,\"valueName\":\"search_term_string\"}}],\"inLanguage\":\"es\"},{\"@type\":\"Organization\",\"@id\":\"https:\/\/citriumworld.com\/#organization\",\"name\":\"Citrium World\",\"url\":\"https:\/\/citriumworld.com\/\",\"logo\":{\"@type\":\"ImageObject\",\"inLanguage\":\"es\",\"@id\":\"https:\/\/citriumworld.com\/#\/schema\/logo\/image\/\",\"url\":\"https:\/\/citriumworld.com\/wp-content\/uploads\/2024\/06\/LOGOCITRIUMWORLD.png\",\"contentUrl\":\"https:\/\/citriumworld.com\/wp-content\/uploads\/2024\/06\/LOGOCITRIUMWORLD.png\",\"width\":698,\"height\":357,\"caption\":\"Citrium World\"},\"image\":{\"@id\":\"https:\/\/citriumworld.com\/#\/schema\/logo\/image\/\"}}]}<\/script>\n<!-- \/ Yoast SEO plugin. -->","yoast_head_json":{"title":"Zumos - Citrium World","robots":{"index":"index","follow":"follow","max-snippet":"max-snippet:-1","max-image-preview":"max-image-preview:large","max-video-preview":"max-video-preview:-1"},"canonical":"https:\/\/citriumworld.com\/index.php\/zumos\/","og_locale":"es_ES","og_type":"article","og_title":"Zumos - Citrium World","og_description":"Zumos Producidos con la mejor selecci\u00f3n de frutas en el mercado internacional y elaborados espec\u00edficamente para nuestras m\u00e1quinas autom\u00e1ticas. Desarrollados y producidos 100% en Espa\u00f1a. Con ellos podr\u00e1 ofrecer una experiencia deliciosa con cada sorbo, con amplia variedad, eficiencia y autenticidad en cada vaso, transforma la experiencia de tus clientes consiguiendo la m\u00e1xima satisfacci\u00f3n. Con [&hellip;]","og_url":"https:\/\/citriumworld.com\/index.php\/zumos\/","og_site_name":"Citrium World","article_modified_time":"2024-11-11T11:07:48+00:00","og_image":[{"url":"https:\/\/citriumworld.com\/wp-content\/uploads\/2024\/06\/citrium-portada-300x300.png","type":"","width":"","height":""}],"twitter_card":"summary_large_image","twitter_misc":{"Tiempo de lectura":"3 minutos"},"schema":{"@context":"https:\/\/schema.org","@graph":[{"@type":"WebPage","@id":"https:\/\/citriumworld.com\/index.php\/zumos\/","url":"https:\/\/citriumworld.com\/index.php\/zumos\/","name":"Zumos - Citrium World","isPartOf":{"@id":"https:\/\/citriumworld.com\/#website"},"primaryImageOfPage":{"@id":"https:\/\/citriumworld.com\/index.php\/zumos\/#primaryimage"},"image":{"@id":"https:\/\/citriumworld.com\/index.php\/zumos\/#primaryimage"},"thumbnailUrl":"https:\/\/citriumworld.com\/wp-content\/uploads\/2024\/06\/citrium-portada-300x300.png","datePublished":"2024-06-20T19:20:42+00:00","dateModified":"2024-11-11T11:07:48+00:00","breadcrumb":{"@id":"https:\/\/citriumworld.com\/index.php\/zumos\/#breadcrumb"},"inLanguage":"es","potentialAction":[{"@type":"ReadAction","target":["https:\/\/citriumworld.com\/index.php\/zumos\/"]}]},{"@type":"ImageObject","inLanguage":"es","@id":"https:\/\/citriumworld.com\/index.php\/zumos\/#primaryimage","url":"https:\/\/citriumworld.com\/wp-content\/uploads\/2024\/06\/citrium-portada.png","contentUrl":"https:\/\/citriumworld.com\/wp-content\/uploads\/2024\/06\/citrium-portada.png","width":1280,"height":720},{"@type":"BreadcrumbList","@id":"https:\/\/citriumworld.com\/index.php\/zumos\/#breadcrumb","itemListElement":[{"@type":"ListItem","position":1,"name":"Portada","item":"https:\/\/citriumworld.com\/"},{"@type":"ListItem","position":2,"name":"Zumos"}]},{"@type":"WebSite","@id":"https:\/\/citriumworld.com\/#website","url":"https:\/\/citriumworld.com\/","name":"Citrium World","description":"Compa\u00f1\u00eda especializada en fabricaci\u00f3n y distribuci\u00f3n de bebidas","publisher":{"@id":"https:\/\/citriumworld.com\/#organization"},"alternateName":"Citrium World","potentialAction":[{"@type":"SearchAction","target":{"@type":"EntryPoint","urlTemplate":"https:\/\/citriumworld.com\/?s={search_term_string}"},"query-input":{"@type":"PropertyValueSpecification","valueRequired":true,"valueName":"search_term_string"}}],"inLanguage":"es"},{"@type":"Organization","@id":"https:\/\/citriumworld.com\/#organization","name":"Citrium World","url":"https:\/\/citriumworld.com\/","logo":{"@type":"ImageObject","inLanguage":"es","@id":"https:\/\/citriumworld.com\/#\/schema\/logo\/image\/","url":"https:\/\/citriumworld.com\/wp-content\/uploads\/2024\/06\/LOGOCITRIUMWORLD.png","contentUrl":"https:\/\/citriumworld.com\/wp-content\/uploads\/2024\/06\/LOGOCITRIUMWORLD.png","width":698,"height":357,"caption":"Citrium World"},"image":{"@id":"https:\/\/citriumworld.com\/#\/schema\/logo\/image\/"}}]}},"_links":{"self":[{"href":"https:\/\/citriumworld.com\/index.php\/wp-json\/wp\/v2\/pages\/67","targetHints":{"allow":["GET"]}}],"collection":[{"href":"https:\/\/citriumworld.com\/index.php\/wp-json\/wp\/v2\/pages"}],"about":[{"href":"https:\/\/citriumworld.com\/index.php\/wp-json\/wp\/v2\/types\/page"}],"author":[{"embeddable":true,"href":"https:\/\/citriumworld.com\/index.php\/wp-json\/wp\/v2\/users\/1"}],"replies":[{"embeddable":true,"href":"https:\/\/citriumworld.com\/index.php\/wp-json\/wp\/v2\/comments?post=67"}],"version-history":[{"count":61,"href":"https:\/\/citriumworld.com\/index.php\/wp-json\/wp\/v2\/pages\/67\/revisions"}],"predecessor-version":[{"id":963,"href":"https:\/\/citriumworld.com\/index.php\/wp-json\/wp\/v2\/pages\/67\/revisions\/963"}],"wp:attachment":[{"href":"https:\/\/citriumworld.com\/index.php\/wp-json\/wp\/v2\/media?parent=67"}],"curies":[{"name":"wp","href":"https:\/\/api.w.org\/{rel}","templated":true}]}}