{"id":451,"date":"2024-07-10T09:25:21","date_gmt":"2024-07-10T09:25:21","guid":{"rendered":"https:\/\/citriumworld.com\/?post_type=product&#038;p=451"},"modified":"2024-07-10T09:30:37","modified_gmt":"2024-07-10T09:30:37","slug":"producto-de-prueba","status":"publish","type":"product","link":"https:\/\/citriumworld.com\/index.php\/producto\/producto-de-prueba\/","title":{"rendered":"Producto de prueba Zumo"},"content":{"rendered":"<p>esto es una prueba zumo<\/p>\n","protected":false},"excerpt":{"rendered":"<p>esto es una prueba zumo<\/p>\n","protected":false},"featured_media":48,"template":"","meta":[],"product_brand":[],"product_cat":[29],"product_tag":[],"class_list":{"0":"post-451","1":"product","2":"type-product","3":"status-publish","4":"has-post-thumbnail","6":"product_cat-zumos","8":"first","9":"instock","10":"shipping-taxable","11":"purchasable","12":"product-type-simple"},"yoast_head":"<!-- This site is optimized with the Yoast SEO plugin v26.5 - https:\/\/yoast.com\/wordpress\/plugins\/seo\/ -->\n<title>Producto de prueba Zumo - Citrium World<\/title>\n<meta name=\"robots\" content=\"index, follow, max-snippet:-1, max-image-preview:large, max-video-preview:-1\" \/>\n<link rel=\"canonical\" href=\"https:\/\/citriumworld.com\/index.php\/producto\/producto-de-prueba\/\" \/>\n<meta property=\"og:locale\" content=\"es_ES\" \/>\n<meta property=\"og:type\" content=\"article\" \/>\n<meta property=\"og:title\" content=\"Producto de prueba Zumo - Citrium World\" \/>\n<meta property=\"og:description\" content=\"esto es una prueba zumo\" \/>\n<meta property=\"og:url\" content=\"https:\/\/citriumworld.com\/index.php\/producto\/producto-de-prueba\/\" \/>\n<meta property=\"og:site_name\" content=\"Citrium World\" \/>\n<meta property=\"article:modified_time\" content=\"2024-07-10T09:30:37+00:00\" \/>\n<meta property=\"og:image\" content=\"https:\/\/citriumworld.com\/wp-content\/uploads\/2024\/06\/citrium-portada.png\" \/>\n\t<meta property=\"og:image:width\" content=\"1280\" \/>\n\t<meta property=\"og:image:height\" content=\"720\" \/>\n\t<meta property=\"og:image:type\" content=\"image\/png\" \/>\n<meta name=\"twitter:card\" content=\"summary_large_image\" \/>\n<script type=\"application\/ld+json\" class=\"yoast-schema-graph\">{\"@context\":\"https:\/\/schema.org\",\"@graph\":[{\"@type\":\"WebPage\",\"@id\":\"https:\/\/citriumworld.com\/index.php\/producto\/producto-de-prueba\/\",\"url\":\"https:\/\/citriumworld.com\/index.php\/producto\/producto-de-prueba\/\",\"name\":\"Producto de prueba Zumo - Citrium World\",\"isPartOf\":{\"@id\":\"https:\/\/citriumworld.com\/#website\"},\"primaryImageOfPage\":{\"@id\":\"https:\/\/citriumworld.com\/index.php\/producto\/producto-de-prueba\/#primaryimage\"},\"image\":{\"@id\":\"https:\/\/citriumworld.com\/index.php\/producto\/producto-de-prueba\/#primaryimage\"},\"thumbnailUrl\":\"https:\/\/citriumworld.com\/wp-content\/uploads\/2024\/06\/citrium-portada.png\",\"datePublished\":\"2024-07-10T09:25:21+00:00\",\"dateModified\":\"2024-07-10T09:30:37+00:00\",\"breadcrumb\":{\"@id\":\"https:\/\/citriumworld.com\/index.php\/producto\/producto-de-prueba\/#breadcrumb\"},\"inLanguage\":\"es\",\"potentialAction\":[{\"@type\":\"ReadAction\",\"target\":[\"https:\/\/citriumworld.com\/index.php\/producto\/producto-de-prueba\/\"]}]},{\"@type\":\"ImageObject\",\"inLanguage\":\"es\",\"@id\":\"https:\/\/citriumworld.com\/index.php\/producto\/producto-de-prueba\/#primaryimage\",\"url\":\"https:\/\/citriumworld.com\/wp-content\/uploads\/2024\/06\/citrium-portada.png\",\"contentUrl\":\"https:\/\/citriumworld.com\/wp-content\/uploads\/2024\/06\/citrium-portada.png\",\"width\":1280,\"height\":720},{\"@type\":\"BreadcrumbList\",\"@id\":\"https:\/\/citriumworld.com\/index.php\/producto\/producto-de-prueba\/#breadcrumb\",\"itemListElement\":[{\"@type\":\"ListItem\",\"position\":1,\"name\":\"Portada\",\"item\":\"https:\/\/citriumworld.com\/\"},{\"@type\":\"ListItem\",\"position\":2,\"name\":\"Tienda\",\"item\":\"https:\/\/citriumworld.com\/index.php\/es\/tienda\/\"},{\"@type\":\"ListItem\",\"position\":3,\"name\":\"Producto de prueba Zumo\"}]},{\"@type\":\"WebSite\",\"@id\":\"https:\/\/citriumworld.com\/#website\",\"url\":\"https:\/\/citriumworld.com\/\",\"name\":\"Citrium World\",\"description\":\"Compa\u00f1\u00eda especializada en fabricaci\u00f3n y distribuci\u00f3n de bebidas\",\"publisher\":{\"@id\":\"https:\/\/citriumworld.com\/#organization\"},\"alternateName\":\"Citrium World\",\"potentialAction\":[{\"@type\":\"SearchAction\",\"target\":{\"@type\":\"EntryPoint\",\"urlTemplate\":\"https:\/\/citriumworld.com\/?s={search_term_string}\"},\"query-input\":{\"@type\":\"PropertyValueSpecification\",\"valueRequired\":true,\"valueName\":\"search_term_string\"}}],\"inLanguage\":\"es\"},{\"@type\":\"Organization\",\"@id\":\"https:\/\/citriumworld.com\/#organization\",\"name\":\"Citrium World\",\"url\":\"https:\/\/citriumworld.com\/\",\"logo\":{\"@type\":\"ImageObject\",\"inLanguage\":\"es\",\"@id\":\"https:\/\/citriumworld.com\/#\/schema\/logo\/image\/\",\"url\":\"https:\/\/citriumworld.com\/wp-content\/uploads\/2024\/06\/LOGOCITRIUMWORLD.png\",\"contentUrl\":\"https:\/\/citriumworld.com\/wp-content\/uploads\/2024\/06\/LOGOCITRIUMWORLD.png\",\"width\":698,\"height\":357,\"caption\":\"Citrium World\"},\"image\":{\"@id\":\"https:\/\/citriumworld.com\/#\/schema\/logo\/image\/\"}}]}<\/script>\n<!-- \/ Yoast SEO plugin. -->","yoast_head_json":{"title":"Producto de prueba Zumo - Citrium World","robots":{"index":"index","follow":"follow","max-snippet":"max-snippet:-1","max-image-preview":"max-image-preview:large","max-video-preview":"max-video-preview:-1"},"canonical":"https:\/\/citriumworld.com\/index.php\/producto\/producto-de-prueba\/","og_locale":"es_ES","og_type":"article","og_title":"Producto de prueba Zumo - Citrium World","og_description":"esto es una prueba zumo","og_url":"https:\/\/citriumworld.com\/index.php\/producto\/producto-de-prueba\/","og_site_name":"Citrium World","article_modified_time":"2024-07-10T09:30:37+00:00","og_image":[{"width":1280,"height":720,"url":"https:\/\/citriumworld.com\/wp-content\/uploads\/2024\/06\/citrium-portada.png","type":"image\/png"}],"twitter_card":"summary_large_image","schema":{"@context":"https:\/\/schema.org","@graph":[{"@type":"WebPage","@id":"https:\/\/citriumworld.com\/index.php\/producto\/producto-de-prueba\/","url":"https:\/\/citriumworld.com\/index.php\/producto\/producto-de-prueba\/","name":"Producto de prueba Zumo - Citrium World","isPartOf":{"@id":"https:\/\/citriumworld.com\/#website"},"primaryImageOfPage":{"@id":"https:\/\/citriumworld.com\/index.php\/producto\/producto-de-prueba\/#primaryimage"},"image":{"@id":"https:\/\/citriumworld.com\/index.php\/producto\/producto-de-prueba\/#primaryimage"},"thumbnailUrl":"https:\/\/citriumworld.com\/wp-content\/uploads\/2024\/06\/citrium-portada.png","datePublished":"2024-07-10T09:25:21+00:00","dateModified":"2024-07-10T09:30:37+00:00","breadcrumb":{"@id":"https:\/\/citriumworld.com\/index.php\/producto\/producto-de-prueba\/#breadcrumb"},"inLanguage":"es","potentialAction":[{"@type":"ReadAction","target":["https:\/\/citriumworld.com\/index.php\/producto\/producto-de-prueba\/"]}]},{"@type":"ImageObject","inLanguage":"es","@id":"https:\/\/citriumworld.com\/index.php\/producto\/producto-de-prueba\/#primaryimage","url":"https:\/\/citriumworld.com\/wp-content\/uploads\/2024\/06\/citrium-portada.png","contentUrl":"https:\/\/citriumworld.com\/wp-content\/uploads\/2024\/06\/citrium-portada.png","width":1280,"height":720},{"@type":"BreadcrumbList","@id":"https:\/\/citriumworld.com\/index.php\/producto\/producto-de-prueba\/#breadcrumb","itemListElement":[{"@type":"ListItem","position":1,"name":"Portada","item":"https:\/\/citriumworld.com\/"},{"@type":"ListItem","position":2,"name":"Tienda","item":"https:\/\/citriumworld.com\/index.php\/es\/tienda\/"},{"@type":"ListItem","position":3,"name":"Producto de prueba Zumo"}]},{"@type":"WebSite","@id":"https:\/\/citriumworld.com\/#website","url":"https:\/\/citriumworld.com\/","name":"Citrium World","description":"Compa\u00f1\u00eda especializada en fabricaci\u00f3n y distribuci\u00f3n de bebidas","publisher":{"@id":"https:\/\/citriumworld.com\/#organization"},"alternateName":"Citrium World","potentialAction":[{"@type":"SearchAction","target":{"@type":"EntryPoint","urlTemplate":"https:\/\/citriumworld.com\/?s={search_term_string}"},"query-input":{"@type":"PropertyValueSpecification","valueRequired":true,"valueName":"search_term_string"}}],"inLanguage":"es"},{"@type":"Organization","@id":"https:\/\/citriumworld.com\/#organization","name":"Citrium World","url":"https:\/\/citriumworld.com\/","logo":{"@type":"ImageObject","inLanguage":"es","@id":"https:\/\/citriumworld.com\/#\/schema\/logo\/image\/","url":"https:\/\/citriumworld.com\/wp-content\/uploads\/2024\/06\/LOGOCITRIUMWORLD.png","contentUrl":"https:\/\/citriumworld.com\/wp-content\/uploads\/2024\/06\/LOGOCITRIUMWORLD.png","width":698,"height":357,"caption":"Citrium World"},"image":{"@id":"https:\/\/citriumworld.com\/#\/schema\/logo\/image\/"}}]}},"_links":{"self":[{"href":"https:\/\/citriumworld.com\/index.php\/wp-json\/wp\/v2\/product\/451","targetHints":{"allow":["GET"]}}],"collection":[{"href":"https:\/\/citriumworld.com\/index.php\/wp-json\/wp\/v2\/product"}],"about":[{"href":"https:\/\/citriumworld.com\/index.php\/wp-json\/wp\/v2\/types\/product"}],"wp:featuredmedia":[{"embeddable":true,"href":"https:\/\/citriumworld.com\/index.php\/wp-json\/wp\/v2\/media\/48"}],"wp:attachment":[{"href":"https:\/\/citriumworld.com\/index.php\/wp-json\/wp\/v2\/media?parent=451"}],"wp:term":[{"taxonomy":"product_brand","embeddable":true,"href":"https:\/\/citriumworld.com\/index.php\/wp-json\/wp\/v2\/product_brand?post=451"},{"taxonomy":"product_cat","embeddable":true,"href":"https:\/\/citriumworld.com\/index.php\/wp-json\/wp\/v2\/product_cat?post=451"},{"taxonomy":"product_tag","embeddable":true,"href":"https:\/\/citriumworld.com\/index.php\/wp-json\/wp\/v2\/product_tag?post=451"}],"curies":[{"name":"wp","href":"https:\/\/api.w.org\/{rel}","templated":true}]}}