{"id":834,"date":"2024-09-18T08:15:00","date_gmt":"2024-09-18T08:15:00","guid":{"rendered":"https:\/\/citriumworld.com\/?post_type=product&#038;p=834"},"modified":"2024-10-03T07:49:27","modified_gmt":"2024-10-03T07:49:27","slug":"pina-colada","status":"publish","type":"product","link":"https:\/\/citriumworld.com\/index.php\/producto\/pina-colada\/","title":{"rendered":"C\u00f3ctel Pi\u00f1a Colada 22\u00ba\/28\u00ba"},"content":{"rendered":"<p>Nuestro c\u00f3ctel Pi\u00f1a Colada, una mezcla irresistible de pi\u00f1a, coco y ron, es perfecto.<\/p>\n<p>El formato Bag in Box garantiza un servicio eficiente, manteniendo siempre el producto fresco y listo para servir en grandes cantidades.<\/p>\n","protected":false},"excerpt":{"rendered":"<p>Pi\u00f1a colada concentrada con una diluci\u00f3n de 1 dosis de producto con 5 de agua, en formato Bag in Box.<\/p>\n<p>&nbsp;<\/p>\n","protected":false},"featured_media":837,"template":"","meta":[],"product_brand":[],"product_cat":[31],"product_tag":[],"class_list":{"0":"post-834","1":"product","2":"type-product","3":"status-publish","4":"has-post-thumbnail","6":"product_cat-cockteles","8":"first","9":"instock","10":"shipping-taxable","11":"purchasable","12":"product-type-simple"},"yoast_head":"<!-- This site is optimized with the Yoast SEO plugin v26.5 - https:\/\/yoast.com\/wordpress\/plugins\/seo\/ -->\n<title>C\u00f3ctel Pi\u00f1a Colada 22\u00ba\/28\u00ba - Citrium World<\/title>\n<meta name=\"robots\" content=\"index, follow, max-snippet:-1, max-image-preview:large, max-video-preview:-1\" \/>\n<link rel=\"canonical\" href=\"https:\/\/citriumworld.com\/index.php\/producto\/pina-colada\/\" \/>\n<meta property=\"og:locale\" content=\"es_ES\" \/>\n<meta property=\"og:type\" content=\"article\" \/>\n<meta property=\"og:title\" content=\"C\u00f3ctel Pi\u00f1a Colada 22\u00ba\/28\u00ba - Citrium World\" \/>\n<meta property=\"og:description\" content=\"Pi\u00f1a colada concentrada con una diluci\u00f3n de 1 dosis de producto con 5 de agua, en formato Bag in Box.  &nbsp;\" \/>\n<meta property=\"og:url\" content=\"https:\/\/citriumworld.com\/index.php\/producto\/pina-colada\/\" \/>\n<meta property=\"og:site_name\" content=\"Citrium World\" \/>\n<meta property=\"article:modified_time\" content=\"2024-10-03T07:49:27+00:00\" \/>\n<meta property=\"og:image\" content=\"https:\/\/citriumworld.com\/wp-content\/uploads\/2024\/09\/pina-web.png\" \/>\n\t<meta property=\"og:image:width\" content=\"586\" \/>\n\t<meta property=\"og:image:height\" content=\"589\" \/>\n\t<meta property=\"og:image:type\" content=\"image\/png\" \/>\n<meta name=\"twitter:card\" content=\"summary_large_image\" \/>\n<meta name=\"twitter:label1\" content=\"Tiempo de lectura\" \/>\n\t<meta name=\"twitter:data1\" content=\"1 minuto\" \/>\n<script type=\"application\/ld+json\" class=\"yoast-schema-graph\">{\"@context\":\"https:\/\/schema.org\",\"@graph\":[{\"@type\":\"WebPage\",\"@id\":\"https:\/\/citriumworld.com\/index.php\/producto\/pina-colada\/\",\"url\":\"https:\/\/citriumworld.com\/index.php\/producto\/pina-colada\/\",\"name\":\"C\u00f3ctel Pi\u00f1a Colada 22\u00ba\/28\u00ba - Citrium World\",\"isPartOf\":{\"@id\":\"https:\/\/citriumworld.com\/#website\"},\"primaryImageOfPage\":{\"@id\":\"https:\/\/citriumworld.com\/index.php\/producto\/pina-colada\/#primaryimage\"},\"image\":{\"@id\":\"https:\/\/citriumworld.com\/index.php\/producto\/pina-colada\/#primaryimage\"},\"thumbnailUrl\":\"https:\/\/citriumworld.com\/wp-content\/uploads\/2024\/09\/pina-web.png\",\"datePublished\":\"2024-09-18T08:15:00+00:00\",\"dateModified\":\"2024-10-03T07:49:27+00:00\",\"breadcrumb\":{\"@id\":\"https:\/\/citriumworld.com\/index.php\/producto\/pina-colada\/#breadcrumb\"},\"inLanguage\":\"es\",\"potentialAction\":[{\"@type\":\"ReadAction\",\"target\":[\"https:\/\/citriumworld.com\/index.php\/producto\/pina-colada\/\"]}]},{\"@type\":\"ImageObject\",\"inLanguage\":\"es\",\"@id\":\"https:\/\/citriumworld.com\/index.php\/producto\/pina-colada\/#primaryimage\",\"url\":\"https:\/\/citriumworld.com\/wp-content\/uploads\/2024\/09\/pina-web.png\",\"contentUrl\":\"https:\/\/citriumworld.com\/wp-content\/uploads\/2024\/09\/pina-web.png\",\"width\":586,\"height\":589},{\"@type\":\"BreadcrumbList\",\"@id\":\"https:\/\/citriumworld.com\/index.php\/producto\/pina-colada\/#breadcrumb\",\"itemListElement\":[{\"@type\":\"ListItem\",\"position\":1,\"name\":\"Portada\",\"item\":\"https:\/\/citriumworld.com\/\"},{\"@type\":\"ListItem\",\"position\":2,\"name\":\"Tienda\",\"item\":\"https:\/\/citriumworld.com\/index.php\/es\/tienda\/\"},{\"@type\":\"ListItem\",\"position\":3,\"name\":\"C\u00f3ctel Pi\u00f1a Colada 22\u00ba\/28\u00ba\"}]},{\"@type\":\"WebSite\",\"@id\":\"https:\/\/citriumworld.com\/#website\",\"url\":\"https:\/\/citriumworld.com\/\",\"name\":\"Citrium World\",\"description\":\"Compa\u00f1\u00eda especializada en fabricaci\u00f3n y distribuci\u00f3n de bebidas\",\"publisher\":{\"@id\":\"https:\/\/citriumworld.com\/#organization\"},\"alternateName\":\"Citrium World\",\"potentialAction\":[{\"@type\":\"SearchAction\",\"target\":{\"@type\":\"EntryPoint\",\"urlTemplate\":\"https:\/\/citriumworld.com\/?s={search_term_string}\"},\"query-input\":{\"@type\":\"PropertyValueSpecification\",\"valueRequired\":true,\"valueName\":\"search_term_string\"}}],\"inLanguage\":\"es\"},{\"@type\":\"Organization\",\"@id\":\"https:\/\/citriumworld.com\/#organization\",\"name\":\"Citrium World\",\"url\":\"https:\/\/citriumworld.com\/\",\"logo\":{\"@type\":\"ImageObject\",\"inLanguage\":\"es\",\"@id\":\"https:\/\/citriumworld.com\/#\/schema\/logo\/image\/\",\"url\":\"https:\/\/citriumworld.com\/wp-content\/uploads\/2024\/06\/LOGOCITRIUMWORLD.png\",\"contentUrl\":\"https:\/\/citriumworld.com\/wp-content\/uploads\/2024\/06\/LOGOCITRIUMWORLD.png\",\"width\":698,\"height\":357,\"caption\":\"Citrium World\"},\"image\":{\"@id\":\"https:\/\/citriumworld.com\/#\/schema\/logo\/image\/\"}}]}<\/script>\n<!-- \/ Yoast SEO plugin. -->","yoast_head_json":{"title":"C\u00f3ctel Pi\u00f1a Colada 22\u00ba\/28\u00ba - Citrium World","robots":{"index":"index","follow":"follow","max-snippet":"max-snippet:-1","max-image-preview":"max-image-preview:large","max-video-preview":"max-video-preview:-1"},"canonical":"https:\/\/citriumworld.com\/index.php\/producto\/pina-colada\/","og_locale":"es_ES","og_type":"article","og_title":"C\u00f3ctel Pi\u00f1a Colada 22\u00ba\/28\u00ba - Citrium World","og_description":"Pi\u00f1a colada concentrada con una diluci\u00f3n de 1 dosis de producto con 5 de agua, en formato Bag in Box.  &nbsp;","og_url":"https:\/\/citriumworld.com\/index.php\/producto\/pina-colada\/","og_site_name":"Citrium World","article_modified_time":"2024-10-03T07:49:27+00:00","og_image":[{"width":586,"height":589,"url":"https:\/\/citriumworld.com\/wp-content\/uploads\/2024\/09\/pina-web.png","type":"image\/png"}],"twitter_card":"summary_large_image","twitter_misc":{"Tiempo de lectura":"1 minuto"},"schema":{"@context":"https:\/\/schema.org","@graph":[{"@type":"WebPage","@id":"https:\/\/citriumworld.com\/index.php\/producto\/pina-colada\/","url":"https:\/\/citriumworld.com\/index.php\/producto\/pina-colada\/","name":"C\u00f3ctel Pi\u00f1a Colada 22\u00ba\/28\u00ba - Citrium World","isPartOf":{"@id":"https:\/\/citriumworld.com\/#website"},"primaryImageOfPage":{"@id":"https:\/\/citriumworld.com\/index.php\/producto\/pina-colada\/#primaryimage"},"image":{"@id":"https:\/\/citriumworld.com\/index.php\/producto\/pina-colada\/#primaryimage"},"thumbnailUrl":"https:\/\/citriumworld.com\/wp-content\/uploads\/2024\/09\/pina-web.png","datePublished":"2024-09-18T08:15:00+00:00","dateModified":"2024-10-03T07:49:27+00:00","breadcrumb":{"@id":"https:\/\/citriumworld.com\/index.php\/producto\/pina-colada\/#breadcrumb"},"inLanguage":"es","potentialAction":[{"@type":"ReadAction","target":["https:\/\/citriumworld.com\/index.php\/producto\/pina-colada\/"]}]},{"@type":"ImageObject","inLanguage":"es","@id":"https:\/\/citriumworld.com\/index.php\/producto\/pina-colada\/#primaryimage","url":"https:\/\/citriumworld.com\/wp-content\/uploads\/2024\/09\/pina-web.png","contentUrl":"https:\/\/citriumworld.com\/wp-content\/uploads\/2024\/09\/pina-web.png","width":586,"height":589},{"@type":"BreadcrumbList","@id":"https:\/\/citriumworld.com\/index.php\/producto\/pina-colada\/#breadcrumb","itemListElement":[{"@type":"ListItem","position":1,"name":"Portada","item":"https:\/\/citriumworld.com\/"},{"@type":"ListItem","position":2,"name":"Tienda","item":"https:\/\/citriumworld.com\/index.php\/es\/tienda\/"},{"@type":"ListItem","position":3,"name":"C\u00f3ctel Pi\u00f1a Colada 22\u00ba\/28\u00ba"}]},{"@type":"WebSite","@id":"https:\/\/citriumworld.com\/#website","url":"https:\/\/citriumworld.com\/","name":"Citrium World","description":"Compa\u00f1\u00eda especializada en fabricaci\u00f3n y distribuci\u00f3n de bebidas","publisher":{"@id":"https:\/\/citriumworld.com\/#organization"},"alternateName":"Citrium World","potentialAction":[{"@type":"SearchAction","target":{"@type":"EntryPoint","urlTemplate":"https:\/\/citriumworld.com\/?s={search_term_string}"},"query-input":{"@type":"PropertyValueSpecification","valueRequired":true,"valueName":"search_term_string"}}],"inLanguage":"es"},{"@type":"Organization","@id":"https:\/\/citriumworld.com\/#organization","name":"Citrium World","url":"https:\/\/citriumworld.com\/","logo":{"@type":"ImageObject","inLanguage":"es","@id":"https:\/\/citriumworld.com\/#\/schema\/logo\/image\/","url":"https:\/\/citriumworld.com\/wp-content\/uploads\/2024\/06\/LOGOCITRIUMWORLD.png","contentUrl":"https:\/\/citriumworld.com\/wp-content\/uploads\/2024\/06\/LOGOCITRIUMWORLD.png","width":698,"height":357,"caption":"Citrium World"},"image":{"@id":"https:\/\/citriumworld.com\/#\/schema\/logo\/image\/"}}]}},"_links":{"self":[{"href":"https:\/\/citriumworld.com\/index.php\/wp-json\/wp\/v2\/product\/834","targetHints":{"allow":["GET"]}}],"collection":[{"href":"https:\/\/citriumworld.com\/index.php\/wp-json\/wp\/v2\/product"}],"about":[{"href":"https:\/\/citriumworld.com\/index.php\/wp-json\/wp\/v2\/types\/product"}],"wp:featuredmedia":[{"embeddable":true,"href":"https:\/\/citriumworld.com\/index.php\/wp-json\/wp\/v2\/media\/837"}],"wp:attachment":[{"href":"https:\/\/citriumworld.com\/index.php\/wp-json\/wp\/v2\/media?parent=834"}],"wp:term":[{"taxonomy":"product_brand","embeddable":true,"href":"https:\/\/citriumworld.com\/index.php\/wp-json\/wp\/v2\/product_brand?post=834"},{"taxonomy":"product_cat","embeddable":true,"href":"https:\/\/citriumworld.com\/index.php\/wp-json\/wp\/v2\/product_cat?post=834"},{"taxonomy":"product_tag","embeddable":true,"href":"https:\/\/citriumworld.com\/index.php\/wp-json\/wp\/v2\/product_tag?post=834"}],"curies":[{"name":"wp","href":"https:\/\/api.w.org\/{rel}","templated":true}]}}